{"id":2,"date":"2023-01-11T10:01:36","date_gmt":"2023-01-11T09:01:36","guid":{"rendered":"https:\/\/core-set.ch\/?page_id=2"},"modified":"2023-01-11T16:31:10","modified_gmt":"2023-01-11T15:31:10","slug":"beispiel-seite","status":"publish","type":"page","link":"https:\/\/core-set.ch\/","title":{"rendered":"Home"},"content":{"rendered":"\n<div class=\"wp-block-columns is-layout-flex wp-container-core-columns-is-layout-28f84493 wp-block-columns-is-layout-flex\">\n<div class=\"wp-block-column is-layout-flow wp-block-column-is-layout-flow\">\n<p>Thrash &amp; Doom\u2019n\u2019Roll<br>Core-Set sind schnell, sie sind langsam. Und laut.<br>Core-Set sind dazu verdammt zu lieben und dar\u00fcber zu sinnieren.<br>Ihre Lieder zeugen von den Qualen, die die Liebe ausl\u00f6st, aber auch von deren St\u00e4rke die einen Dackel in einen Werwolf verwandelt. Alle Kinder im Namen der Liebe geboren und alle Morde im Namen der Liebe begangen, spiegeln sich im Schaffen von Core-Set wider.<br>Gott und Biest, fleischgeworden, im Menschen vereint.<br>Herz und Genitalien, gerade noch zusammengehalten durch Gehirn, ein tosender Kampf, eine lebensl\u00e4ngliche Zerreissprobe in gnadenlos leuchtenden Farben gemalt und mit t\u00f6dlicher Pr\u00e4zision gespielt von Core-Set.<\/p>\n<\/div>\n<\/div>\n\n\n\n<figure class=\"wp-block-image size-full\"><img loading=\"lazy\" decoding=\"async\" width=\"960\" height=\"640\" src=\"https:\/\/core-set.ch\/wp-content\/uploads\/2023\/01\/DSC7560.jpg\" alt=\"\" class=\"wp-image-95\" srcset=\"https:\/\/core-set.ch\/wp-content\/uploads\/2023\/01\/DSC7560.jpg 960w, https:\/\/core-set.ch\/wp-content\/uploads\/2023\/01\/DSC7560-300x200.jpg 300w, https:\/\/core-set.ch\/wp-content\/uploads\/2023\/01\/DSC7560-768x512.jpg 768w\" sizes=\"auto, (max-width: 960px) 100vw, 960px\" \/><figcaption class=\"wp-element-caption\">Core-Set @ Zaffarayafest\n\u00a9 31.07.2019 Patrick Principe<\/figcaption><\/figure>\n\n\n\n<figure class=\"wp-block-image size-full\"><img loading=\"lazy\" decoding=\"async\" width=\"790\" height=\"527\" src=\"https:\/\/core-set.ch\/wp-content\/uploads\/2023\/01\/IMG_3847.jpg\" alt=\"\" class=\"wp-image-100\" srcset=\"https:\/\/core-set.ch\/wp-content\/uploads\/2023\/01\/IMG_3847.jpg 790w, https:\/\/core-set.ch\/wp-content\/uploads\/2023\/01\/IMG_3847-300x200.jpg 300w, https:\/\/core-set.ch\/wp-content\/uploads\/2023\/01\/IMG_3847-768x512.jpg 768w\" sizes=\"auto, (max-width: 790px) 100vw, 790px\" \/><\/figure>\n","protected":false},"excerpt":{"rendered":"<p>Thrash &amp; Doom\u2019n\u2019RollCore-Set sind schnell, sie sind langsam. Und laut.Core-Set sind dazu verdammt zu lieben und dar\u00fcber zu sinnieren.Ihre Lieder zeugen von den Qualen, die die Liebe ausl\u00f6st, aber auch von deren St\u00e4rke die einen Dackel in einen Werwolf verwandelt. Alle Kinder im Namen der Liebe geboren und alle Morde im Namen der Liebe begangen, [&hellip;]<\/p>\n","protected":false},"author":1,"featured_media":0,"parent":0,"menu_order":0,"comment_status":"closed","ping_status":"open","template":"","meta":{"footnotes":""},"class_list":["post-2","page","type-page","status-publish","hentry"],"_links":{"self":[{"href":"https:\/\/core-set.ch\/index.php?rest_route=\/wp\/v2\/pages\/2","targetHints":{"allow":["GET"]}}],"collection":[{"href":"https:\/\/core-set.ch\/index.php?rest_route=\/wp\/v2\/pages"}],"about":[{"href":"https:\/\/core-set.ch\/index.php?rest_route=\/wp\/v2\/types\/page"}],"author":[{"embeddable":true,"href":"https:\/\/core-set.ch\/index.php?rest_route=\/wp\/v2\/users\/1"}],"replies":[{"embeddable":true,"href":"https:\/\/core-set.ch\/index.php?rest_route=%2Fwp%2Fv2%2Fcomments&post=2"}],"version-history":[{"count":4,"href":"https:\/\/core-set.ch\/index.php?rest_route=\/wp\/v2\/pages\/2\/revisions"}],"predecessor-version":[{"id":110,"href":"https:\/\/core-set.ch\/index.php?rest_route=\/wp\/v2\/pages\/2\/revisions\/110"}],"wp:attachment":[{"href":"https:\/\/core-set.ch\/index.php?rest_route=%2Fwp%2Fv2%2Fmedia&parent=2"}],"curies":[{"name":"wp","href":"https:\/\/api.w.org\/{rel}","templated":true}]}}